{"id":882,"date":"2026-03-27T10:24:16","date_gmt":"2026-03-27T10:24:16","guid":{"rendered":"https:\/\/lazexitoysalud.com\/?page_id=882"},"modified":"2026-04-10T21:12:22","modified_gmt":"2026-04-10T21:12:22","slug":"ingresos-online-desde-casa","status":"publish","type":"page","link":"https:\/\/lazexitoysalud.com\/","title":{"rendered":"Inicio"},"content":{"rendered":"\n<div class=\"wp-block-group alignfull has-global-padding is-layout-constrained wp-container-core-group-is-layout-490fa1db wp-block-group-is-layout-constrained\" style=\"padding-top:var(--wp--preset--spacing--50);padding-right:var(--wp--preset--spacing--50);padding-bottom:var(--wp--preset--spacing--50);padding-left:var(--wp--preset--spacing--50)\">\n<div class=\"wp-block-group has-global-padding is-layout-constrained wp-container-core-group-is-layout-650790e1 wp-block-group-is-layout-constrained\">\n<h1 class=\"wp-block-heading has-text-align-center has-x-large-font-size\">Compromiso con la innovaci\u00f3n y la sostenibilidad<\/h1>\n\n\n\n<div style=\"height:1.25rem\" aria-hidden=\"true\" class=\"wp-block-spacer\"><\/div>\n\n\n\n<p class=\"has-text-align-center\">\u00c9tudes es una empresa pionera que fusiona a la perfecci\u00f3n creatividad y funcionalidad para redefinir la excelencia arquitect\u00f3nica.<\/p>\n\n\n\n<div style=\"height:1.25rem\" aria-hidden=\"true\" class=\"wp-block-spacer\"><\/div>\n\n\n\n<div class=\"wp-block-buttons is-content-justification-center is-layout-flex wp-container-core-buttons-is-layout-a89b3969 wp-block-buttons-is-layout-flex\">\n<div class=\"wp-block-button\"><a class=\"wp-block-button__link wp-element-button\">Sobre nosotros<\/a><\/div>\n<\/div>\n<\/div>\n\n\n\n<div style=\"height:var(--wp--preset--spacing--30)\" aria-hidden=\"true\" class=\"wp-block-spacer\"><\/div>\n\n\n\n<figure class=\"wp-block-image alignwide size-full is-style-rounded is-style-rounded--1\"><img decoding=\"async\" src=\"https:\/\/lazexitoysalud.com\/wp-content\/themes\/twentytwentyfour\/assets\/images\/building-exterior.webp\" alt=\"Exterior del edificio en Toronto, Canad\u00e1\"\/><\/figure>\n<\/div>\n\n\n\n<div class=\"wp-block-group alignfull has-base-2-background-color has-background has-global-padding is-layout-constrained wp-container-core-group-is-layout-669513ed wp-block-group-is-layout-constrained\" style=\"margin-top:0;margin-bottom:0;padding-top:var(--wp--preset--spacing--50);padding-right:var(--wp--preset--spacing--50);padding-bottom:var(--wp--preset--spacing--50);padding-left:var(--wp--preset--spacing--50)\">\n<div class=\"wp-block-group is-vertical is-content-justification-center is-layout-flex wp-container-core-group-is-layout-52b864f0 wp-block-group-is-layout-flex\">\n<h2 class=\"wp-block-heading has-text-align-center is-style-asterisk\">Pasi\u00f3n por crear espacios<\/h2>\n\n\n\n<div style=\"height:0px\" aria-hidden=\"true\" class=\"wp-block-spacer wp-container-content-4f2ccadb\"><\/div>\n\n\n\n<p class=\"has-text-align-center\">Nuestro amplio conjunto de servicios profesionales atiende a una clientela diversa, desde propietarios de viviendas hasta promotores comerciales.<\/p>\n<\/div>\n\n\n\n<div style=\"margin-top:0;margin-bottom:0;height:var(--wp--preset--spacing--40)\" aria-hidden=\"true\" class=\"wp-block-spacer\"><\/div>\n\n\n\n<div class=\"wp-block-columns alignwide is-layout-flex wp-container-core-columns-is-layout-d0bbbce0 wp-block-columns-is-layout-flex\">\n<div class=\"wp-block-column is-layout-flow wp-container-core-column-is-layout-e3d1c41b wp-block-column-is-layout-flow\">\n<h3 class=\"wp-block-heading has-text-align-left is-style-asterisk has-body-font-family has-medium-font-size\" style=\"font-style:normal;font-weight:600\">Renovaci\u00f3n y restauraci\u00f3n<\/h3>\n\n\n\n<p class=\"has-text-align-left\">Experimenta la fusi\u00f3n de imaginaci\u00f3n y experiencia con Soluciones Arquitect\u00f3nicas \u00c9tudes.<\/p>\n<\/div>\n\n\n\n<div class=\"wp-block-column is-layout-flow wp-container-core-column-is-layout-e3d1c41b wp-block-column-is-layout-flow\">\n<h3 class=\"wp-block-heading has-text-align-left is-style-asterisk has-body-font-family has-medium-font-size\" style=\"font-style:normal;font-weight:600\">Soporte continuo<\/h3>\n\n\n\n<p class=\"has-text-align-left\">Experimenta la fusi\u00f3n de imaginaci\u00f3n y experiencia con Soluciones Arquitect\u00f3nicas \u00c9tudes.<\/p>\n<\/div>\n\n\n\n<div class=\"wp-block-column is-layout-flow wp-container-core-column-is-layout-e3d1c41b wp-block-column-is-layout-flow\">\n<h3 class=\"wp-block-heading has-text-align-left is-style-asterisk has-body-font-family has-medium-font-size\" style=\"font-style:normal;font-weight:600\">Acceso a la aplicaci\u00f3n<\/h3>\n\n\n\n<p class=\"has-text-align-left\">Experimenta la fusi\u00f3n de imaginaci\u00f3n y experiencia con Soluciones Arquitect\u00f3nicas \u00c9tudes.<\/p>\n<\/div>\n<\/div>\n\n\n\n<div style=\"height:var(--wp--preset--spacing--20)\" aria-hidden=\"true\" class=\"wp-block-spacer\"><\/div>\n\n\n\n<div class=\"wp-block-columns alignwide is-layout-flex wp-container-core-columns-is-layout-d0bbbce0 wp-block-columns-is-layout-flex\">\n<div class=\"wp-block-column is-layout-flow wp-container-core-column-is-layout-e3d1c41b wp-block-column-is-layout-flow\">\n<h3 class=\"wp-block-heading has-text-align-left is-style-asterisk has-body-font-family has-medium-font-size\" style=\"font-style:normal;font-weight:600\">Consultor\u00eda<\/h3>\n\n\n\n<p class=\"has-text-align-left\">Experimenta la fusi\u00f3n de imaginaci\u00f3n y experiencia con Soluciones Arquitect\u00f3nicas \u00c9tudes.<\/p>\n<\/div>\n\n\n\n<div class=\"wp-block-column is-layout-flow wp-container-core-column-is-layout-e3d1c41b wp-block-column-is-layout-flow\">\n<h3 class=\"wp-block-heading has-text-align-left is-style-asterisk has-body-font-family has-medium-font-size\" style=\"font-style:normal;font-weight:600\">Gesti\u00f3n de proyectos<\/h3>\n\n\n\n<p class=\"has-text-align-left\">Experimenta la fusi\u00f3n de imaginaci\u00f3n y experiencia con Soluciones Arquitect\u00f3nicas \u00c9tudes.<\/p>\n<\/div>\n\n\n\n<div class=\"wp-block-column is-layout-flow wp-container-core-column-is-layout-e3d1c41b wp-block-column-is-layout-flow\">\n<h3 class=\"wp-block-heading has-text-align-left is-style-asterisk has-body-font-family has-medium-font-size\" style=\"font-style:normal;font-weight:600\">Soluciones arquitect\u00f3nicas<\/h3>\n\n\n\n<p class=\"has-text-align-left\">Experimenta la fusi\u00f3n de imaginaci\u00f3n y experiencia con Soluciones Arquitect\u00f3nicas \u00c9tudes.<\/p>\n<\/div>\n<\/div>\n<\/div>\n\n\n\n<div class=\"wp-block-group alignfull has-global-padding is-layout-constrained wp-container-core-group-is-layout-d89aad35 wp-block-group-is-layout-constrained\" style=\"margin-top:0;margin-bottom:0;padding-top:var(--wp--preset--spacing--50);padding-right:var(--wp--preset--spacing--50);padding-bottom:var(--wp--preset--spacing--50);padding-left:var(--wp--preset--spacing--50)\">\n<div class=\"wp-block-group alignwide has-global-padding is-layout-constrained wp-container-core-group-is-layout-19e250f3 wp-block-group-is-layout-constrained\">\n<div class=\"wp-block-group is-vertical is-content-justification-center is-layout-flex wp-container-core-group-is-layout-6329a8f3 wp-block-group-is-layout-flex\">\n<h2 class=\"wp-block-heading has-text-align-center is-style-asterisk\">Una serie de recursos<\/h2>\n\n\n\n<p class=\"has-text-align-center\">Nuestro amplio conjunto de servicios profesionales atiende a una clientela diversa, desde propietarios de viviendas hasta promotores comerciales.<\/p>\n<\/div>\n\n\n\n<div style=\"height:var(--wp--preset--spacing--40)\" aria-hidden=\"true\" class=\"wp-block-spacer\"><\/div>\n\n\n\n<div class=\"wp-block-columns alignwide is-layout-flex wp-container-core-columns-is-layout-d1c656ed wp-block-columns-is-layout-flex\">\n<div class=\"wp-block-column is-vertically-aligned-center is-layout-flow wp-block-column-is-layout-flow\" style=\"flex-basis:40%\">\n<h3 class=\"wp-block-heading is-style-asterisk\">Aplicaci\u00f3n \u00c9tudes Arquitecto<\/h3>\n\n\n\n<ul style=\"line-height:1.75\" class=\"wp-block-list is-style-checkmark-list\">\n<li>Colabora con otros arquitectos.<\/li>\n\n\n\n<li>Muestra tus proyectos.<\/li>\n\n\n\n<li>Experimenta el mundo de la arquitectura.<\/li>\n<\/ul>\n<\/div>\n\n\n\n<div class=\"wp-block-column is-layout-flow wp-block-column-is-layout-flow\" style=\"flex-basis:50%\">\n<figure class=\"wp-block-image size-large is-style-rounded is-style-rounded--2\"><img decoding=\"async\" src=\"https:\/\/lazexitoysalud.com\/wp-content\/themes\/twentytwentyfour\/assets\/images\/tourist-and-building.webp\" alt=\"Turista fotografiando un edificio\"\/><\/figure>\n<\/div>\n<\/div>\n\n\n\n<div style=\"height:var(--wp--preset--spacing--40)\" aria-hidden=\"true\" class=\"wp-block-spacer\"><\/div>\n\n\n\n<div class=\"wp-block-columns alignwide is-layout-flex wp-container-core-columns-is-layout-d1c656ed wp-block-columns-is-layout-flex\">\n<div class=\"wp-block-column is-layout-flow wp-block-column-is-layout-flow\" style=\"flex-basis:50%\">\n<figure class=\"wp-block-image size-large is-style-rounded is-style-rounded--3\"><img decoding=\"async\" src=\"https:\/\/lazexitoysalud.com\/wp-content\/themes\/twentytwentyfour\/assets\/images\/windows.webp\" alt=\"Ventanas de un edificio en N\u00faremberg, Alemania\"\/><\/figure>\n<\/div>\n\n\n\n<div class=\"wp-block-column is-vertically-aligned-center is-layout-flow wp-block-column-is-layout-flow\" style=\"flex-basis:40%\">\n<h3 class=\"wp-block-heading is-style-asterisk\">Bolet\u00edn \u00c9tudes<\/h3>\n\n\n\n<ul style=\"line-height:1.75\" class=\"wp-block-list is-style-checkmark-list\">\n<li>Un mundo de art\u00edculos que invitan a la reflexi\u00f3n.<\/li>\n\n\n\n<li>Casos pr\u00e1cticos que celebran la arquitectura.<\/li>\n\n\n\n<li>Acceso exclusivo a ideas de dise\u00f1o.<\/li>\n<\/ul>\n<\/div>\n<\/div>\n<\/div>\n<\/div>\n\n\n\n<div class=\"wp-block-group alignfull has-base-color has-contrast-background-color has-text-color has-background has-global-padding is-layout-constrained wp-container-core-group-is-layout-ef3d885c wp-block-group-is-layout-constrained\" style=\"margin-top:0;margin-bottom:0;padding-top:var(--wp--preset--spacing--60);padding-right:var(--wp--preset--spacing--60);padding-bottom:var(--wp--preset--spacing--60);padding-left:var(--wp--preset--spacing--60)\">\n<div class=\"wp-block-group has-global-padding is-layout-constrained wp-block-group-is-layout-constrained\">\n<p class=\"has-text-align-center has-base-color has-text-color has-heading-font-family has-x-large-font-size\" style=\"line-height:1.2\">\n\t\t\t<em>\u00ab\u00c9tudes nos ha ahorrado miles de horas de trabajo y ha desbloqueado perspectivas que nunca cre\u00edmos posibles\u00bb.<\/em>\n\t\t<\/p>\n\n\n\n<div style=\"height:var(--wp--preset--spacing--10)\" aria-hidden=\"true\" class=\"wp-block-spacer\"><\/div>\n\n\n\n<div class=\"wp-block-group is-vertical is-content-justification-center is-nowrap is-layout-flex wp-container-core-group-is-layout-2dc08cea wp-block-group-is-layout-flex\">\n\n\n<p class=\"has-text-align-center\" style=\"margin-top:var(--wp--preset--spacing--10);margin-bottom:0\">Annie Steiner<\/p>\n\n\n\n<p class=\"has-text-align-center has-contrast-3-color has-text-color has-small-font-size\" style=\"font-style:normal;font-weight:300\">Director General, Greenprint<\/p>\n<\/div>\n<\/div>\n<\/div>\n\n\n\n<div class=\"wp-block-group alignfull has-global-padding is-layout-constrained wp-container-core-group-is-layout-d89aad35 wp-block-group-is-layout-constrained\" style=\"margin-top:0;margin-bottom:0;padding-top:var(--wp--preset--spacing--50);padding-right:var(--wp--preset--spacing--50);padding-bottom:var(--wp--preset--spacing--50);padding-left:var(--wp--preset--spacing--50)\">\n<h2 class=\"wp-block-heading alignwide has-x-large-font-size\" style=\"margin-top:0;margin-bottom:var(--wp--preset--spacing--40);line-height:1\">Mira, lee, escucha<\/h2>\n\n\n\n<div class=\"wp-block-group alignwide has-global-padding is-layout-constrained wp-block-group-is-layout-constrained\">\n<div class=\"wp-block-query alignwide is-layout-flow wp-block-query-is-layout-flow\">\n\n\n<div style=\"height:var(--wp--preset--spacing--30)\" aria-hidden=\"true\" class=\"wp-block-spacer\"><\/div>\n\n\n\n\n<div class=\"wp-block-query-no-results\">\n\n<p>No se han encontrado entradas.<\/p>\n\n<\/div><\/div>\n<\/div>\n<\/div>\n\n\n\n<div class=\"wp-block-group alignfull has-global-padding is-layout-constrained wp-container-core-group-is-layout-d89aad35 wp-block-group-is-layout-constrained\" style=\"margin-top:0;margin-bottom:0;padding-top:var(--wp--preset--spacing--50);padding-right:var(--wp--preset--spacing--50);padding-bottom:var(--wp--preset--spacing--50);padding-left:var(--wp--preset--spacing--50)\">\n<div class=\"wp-block-group alignwide has-base-2-background-color has-background has-global-padding is-layout-constrained wp-container-core-group-is-layout-39412042 wp-block-group-is-layout-constrained\" style=\"border-radius:16px;padding-top:var(--wp--preset--spacing--40);padding-right:var(--wp--preset--spacing--50);padding-bottom:var(--wp--preset--spacing--40);padding-left:var(--wp--preset--spacing--50)\">\n<div style=\"height:var(--wp--preset--spacing--10)\" aria-hidden=\"true\" class=\"wp-block-spacer\"><\/div>\n\n\n\n<h2 class=\"wp-block-heading has-text-align-center has-x-large-font-size\">\u00danete a m\u00e1s de 900 suscriptores<\/h2>\n\n\n\n<p class=\"has-text-align-center\">Mantente al d\u00eda de todo lo que necesitas saber.<\/p>\n\n\n\n<div class=\"wp-block-buttons is-content-justification-center is-layout-flex wp-container-core-buttons-is-layout-a89b3969 wp-block-buttons-is-layout-flex\">\n<div class=\"wp-block-button\"><a class=\"wp-block-button__link wp-element-button\">Registro<\/a><\/div>\n<\/div>\n\n\n\n<div style=\"height:var(--wp--preset--spacing--10)\" aria-hidden=\"true\" class=\"wp-block-spacer\"><\/div>\n<\/div>\n<\/div>\n","protected":false},"excerpt":{"rendered":"<p>Compromiso con la innovaci\u00f3n y la sostenibilidad \u00c9tudes es una empresa pionera que fusiona a la perfecci\u00f3n creatividad y funcionalidad para redefinir la excelencia arquitect\u00f3nica. Pasi\u00f3n por crear espacios Nuestro amplio conjunto de servicios profesionales atiende a una clientela diversa, desde propietarios de viviendas hasta promotores comerciales. Renovaci\u00f3n y restauraci\u00f3n Experimenta la fusi\u00f3n de imaginaci\u00f3n [&hellip;]<\/p>\n","protected":false},"author":1,"featured_media":0,"parent":0,"menu_order":0,"comment_status":"closed","ping_status":"closed","template":"","meta":{"footnotes":""},"class_list":["post-882","page","type-page","status-publish","hentry"],"yoast_head":"<!-- This site is optimized with the Yoast SEO plugin v27.4 - https:\/\/yoast.com\/product\/yoast-seo-wordpress\/ -->\n<title>Inicio - LAZ &Eacute;xito y Salud<\/title>\n<meta name=\"description\" content=\"Aprende a generar ingresos online desde casa con m\u00e9todos reales, habilidades digitales y estrategias simples para empezar desde cero.\" \/>\n<meta name=\"robots\" content=\"index, follow, max-snippet:-1, max-image-preview:large, max-video-preview:-1\" \/>\n<link rel=\"canonical\" href=\"http:\/\/lazexitoysalud.com\/\" \/>\n<meta property=\"og:locale\" content=\"es_ES\" \/>\n<meta property=\"og:type\" content=\"article\" \/>\n<meta property=\"og:title\" content=\"Inicio - LAZ &Eacute;xito y Salud\" \/>\n<meta property=\"og:description\" content=\"Aprende a generar ingresos online desde casa con m\u00e9todos reales, habilidades digitales y estrategias simples para empezar desde cero.\" \/>\n<meta property=\"og:url\" content=\"http:\/\/lazexitoysalud.com\/\" \/>\n<meta property=\"og:site_name\" content=\"LAZ &Eacute;xito y Salud\" \/>\n<meta property=\"article:modified_time\" content=\"2026-04-10T21:12:22+00:00\" \/>\n<meta property=\"og:image\" content=\"https:\/\/lazexitoysalud.com\/wp-content\/themes\/twentytwentyfour\/assets\/images\/building-exterior.webp\" \/>\n<meta name=\"twitter:card\" content=\"summary_large_image\" \/>\n<meta name=\"twitter:label1\" content=\"Tiempo de lectura\" \/>\n\t<meta name=\"twitter:data1\" content=\"3 minutos\" \/>\n<script type=\"application\/ld+json\" class=\"yoast-schema-graph\">{\"@context\":\"https:\\\/\\\/schema.org\",\"@graph\":[{\"@type\":\"WebPage\",\"@id\":\"http:\\\/\\\/lazexitoysalud.com\\\/\",\"url\":\"http:\\\/\\\/lazexitoysalud.com\\\/\",\"name\":\"Inicio - LAZ &Eacute;xito y Salud\",\"isPartOf\":{\"@id\":\"http:\\\/\\\/lazexitoysalud.com\\\/#website\"},\"primaryImageOfPage\":{\"@id\":\"http:\\\/\\\/lazexitoysalud.com\\\/#primaryimage\"},\"image\":{\"@id\":\"http:\\\/\\\/lazexitoysalud.com\\\/#primaryimage\"},\"thumbnailUrl\":\"https:\\\/\\\/lazexitoysalud.com\\\/wp-content\\\/themes\\\/twentytwentyfour\\\/assets\\\/images\\\/building-exterior.webp\",\"datePublished\":\"2026-03-27T10:24:16+00:00\",\"dateModified\":\"2026-04-10T21:12:22+00:00\",\"description\":\"Aprende a generar ingresos online desde casa con m\u00e9todos reales, habilidades digitales y estrategias simples para empezar desde cero.\",\"breadcrumb\":{\"@id\":\"http:\\\/\\\/lazexitoysalud.com\\\/#breadcrumb\"},\"inLanguage\":\"es\",\"potentialAction\":[{\"@type\":\"ReadAction\",\"target\":[\"http:\\\/\\\/lazexitoysalud.com\\\/\"]}]},{\"@type\":\"ImageObject\",\"inLanguage\":\"es\",\"@id\":\"http:\\\/\\\/lazexitoysalud.com\\\/#primaryimage\",\"url\":\"https:\\\/\\\/lazexitoysalud.com\\\/wp-content\\\/themes\\\/twentytwentyfour\\\/assets\\\/images\\\/building-exterior.webp\",\"contentUrl\":\"https:\\\/\\\/lazexitoysalud.com\\\/wp-content\\\/themes\\\/twentytwentyfour\\\/assets\\\/images\\\/building-exterior.webp\"},{\"@type\":\"BreadcrumbList\",\"@id\":\"http:\\\/\\\/lazexitoysalud.com\\\/#breadcrumb\",\"itemListElement\":[{\"@type\":\"ListItem\",\"position\":1,\"name\":\"Portada\",\"item\":\"http:\\\/\\\/lazexitoysalud.com\\\/\"},{\"@type\":\"ListItem\",\"position\":2,\"name\":\"Inicio\"}]},{\"@type\":\"WebSite\",\"@id\":\"http:\\\/\\\/lazexitoysalud.com\\\/#website\",\"url\":\"http:\\\/\\\/lazexitoysalud.com\\\/\",\"name\":\"LAZ &Eacute;xito y Salud\",\"description\":\"&iexcl;Tu referencia en rese&ntilde;as y opiniones de infoproductos y productos digitales!\",\"publisher\":{\"@id\":\"http:\\\/\\\/lazexitoysalud.com\\\/#organization\"},\"potentialAction\":[{\"@type\":\"SearchAction\",\"target\":{\"@type\":\"EntryPoint\",\"urlTemplate\":\"http:\\\/\\\/lazexitoysalud.com\\\/?s={search_term_string}\"},\"query-input\":{\"@type\":\"PropertyValueSpecification\",\"valueRequired\":true,\"valueName\":\"search_term_string\"}}],\"inLanguage\":\"es\"},{\"@type\":\"Organization\",\"@id\":\"http:\\\/\\\/lazexitoysalud.com\\\/#organization\",\"name\":\"LAZ &Eacute;xito y Salud\",\"url\":\"http:\\\/\\\/lazexitoysalud.com\\\/\",\"logo\":{\"@type\":\"ImageObject\",\"inLanguage\":\"es\",\"@id\":\"http:\\\/\\\/lazexitoysalud.com\\\/#\\\/schema\\\/logo\\\/image\\\/\",\"url\":\"https:\\\/\\\/lazexitoysalud.com\\\/wp-content\\\/uploads\\\/2025\\\/11\\\/cropped-cropped-Logo-LAZ-Exito-y-Salud-1.png\",\"contentUrl\":\"https:\\\/\\\/lazexitoysalud.com\\\/wp-content\\\/uploads\\\/2025\\\/11\\\/cropped-cropped-Logo-LAZ-Exito-y-Salud-1.png\",\"width\":512,\"height\":452,\"caption\":\"LAZ &Eacute;xito y Salud\"},\"image\":{\"@id\":\"http:\\\/\\\/lazexitoysalud.com\\\/#\\\/schema\\\/logo\\\/image\\\/\"}}]}<\/script>\n<!-- \/ Yoast SEO plugin. -->","yoast_head_json":{"title":"Inicio - LAZ &Eacute;xito y Salud","description":"Aprende a generar ingresos online desde casa con m\u00e9todos reales, habilidades digitales y estrategias simples para empezar desde cero.","robots":{"index":"index","follow":"follow","max-snippet":"max-snippet:-1","max-image-preview":"max-image-preview:large","max-video-preview":"max-video-preview:-1"},"canonical":"http:\/\/lazexitoysalud.com\/","og_locale":"es_ES","og_type":"article","og_title":"Inicio - LAZ &Eacute;xito y Salud","og_description":"Aprende a generar ingresos online desde casa con m\u00e9todos reales, habilidades digitales y estrategias simples para empezar desde cero.","og_url":"http:\/\/lazexitoysalud.com\/","og_site_name":"LAZ &Eacute;xito y Salud","article_modified_time":"2026-04-10T21:12:22+00:00","og_image":[{"url":"https:\/\/lazexitoysalud.com\/wp-content\/themes\/twentytwentyfour\/assets\/images\/building-exterior.webp","type":"","width":"","height":""}],"twitter_card":"summary_large_image","twitter_misc":{"Tiempo de lectura":"3 minutos"},"schema":{"@context":"https:\/\/schema.org","@graph":[{"@type":"WebPage","@id":"http:\/\/lazexitoysalud.com\/","url":"http:\/\/lazexitoysalud.com\/","name":"Inicio - LAZ &Eacute;xito y Salud","isPartOf":{"@id":"http:\/\/lazexitoysalud.com\/#website"},"primaryImageOfPage":{"@id":"http:\/\/lazexitoysalud.com\/#primaryimage"},"image":{"@id":"http:\/\/lazexitoysalud.com\/#primaryimage"},"thumbnailUrl":"https:\/\/lazexitoysalud.com\/wp-content\/themes\/twentytwentyfour\/assets\/images\/building-exterior.webp","datePublished":"2026-03-27T10:24:16+00:00","dateModified":"2026-04-10T21:12:22+00:00","description":"Aprende a generar ingresos online desde casa con m\u00e9todos reales, habilidades digitales y estrategias simples para empezar desde cero.","breadcrumb":{"@id":"http:\/\/lazexitoysalud.com\/#breadcrumb"},"inLanguage":"es","potentialAction":[{"@type":"ReadAction","target":["http:\/\/lazexitoysalud.com\/"]}]},{"@type":"ImageObject","inLanguage":"es","@id":"http:\/\/lazexitoysalud.com\/#primaryimage","url":"https:\/\/lazexitoysalud.com\/wp-content\/themes\/twentytwentyfour\/assets\/images\/building-exterior.webp","contentUrl":"https:\/\/lazexitoysalud.com\/wp-content\/themes\/twentytwentyfour\/assets\/images\/building-exterior.webp"},{"@type":"BreadcrumbList","@id":"http:\/\/lazexitoysalud.com\/#breadcrumb","itemListElement":[{"@type":"ListItem","position":1,"name":"Portada","item":"http:\/\/lazexitoysalud.com\/"},{"@type":"ListItem","position":2,"name":"Inicio"}]},{"@type":"WebSite","@id":"http:\/\/lazexitoysalud.com\/#website","url":"http:\/\/lazexitoysalud.com\/","name":"LAZ &Eacute;xito y Salud","description":"&iexcl;Tu referencia en rese&ntilde;as y opiniones de infoproductos y productos digitales!","publisher":{"@id":"http:\/\/lazexitoysalud.com\/#organization"},"potentialAction":[{"@type":"SearchAction","target":{"@type":"EntryPoint","urlTemplate":"http:\/\/lazexitoysalud.com\/?s={search_term_string}"},"query-input":{"@type":"PropertyValueSpecification","valueRequired":true,"valueName":"search_term_string"}}],"inLanguage":"es"},{"@type":"Organization","@id":"http:\/\/lazexitoysalud.com\/#organization","name":"LAZ &Eacute;xito y Salud","url":"http:\/\/lazexitoysalud.com\/","logo":{"@type":"ImageObject","inLanguage":"es","@id":"http:\/\/lazexitoysalud.com\/#\/schema\/logo\/image\/","url":"https:\/\/lazexitoysalud.com\/wp-content\/uploads\/2025\/11\/cropped-cropped-Logo-LAZ-Exito-y-Salud-1.png","contentUrl":"https:\/\/lazexitoysalud.com\/wp-content\/uploads\/2025\/11\/cropped-cropped-Logo-LAZ-Exito-y-Salud-1.png","width":512,"height":452,"caption":"LAZ &Eacute;xito y Salud"},"image":{"@id":"http:\/\/lazexitoysalud.com\/#\/schema\/logo\/image\/"}}]}},"_links":{"self":[{"href":"https:\/\/lazexitoysalud.com\/index.php\/wp-json\/wp\/v2\/pages\/882","targetHints":{"allow":["GET"]}}],"collection":[{"href":"https:\/\/lazexitoysalud.com\/index.php\/wp-json\/wp\/v2\/pages"}],"about":[{"href":"https:\/\/lazexitoysalud.com\/index.php\/wp-json\/wp\/v2\/types\/page"}],"author":[{"embeddable":true,"href":"https:\/\/lazexitoysalud.com\/index.php\/wp-json\/wp\/v2\/users\/1"}],"replies":[{"embeddable":true,"href":"https:\/\/lazexitoysalud.com\/index.php\/wp-json\/wp\/v2\/comments?post=882"}],"version-history":[{"count":3,"href":"https:\/\/lazexitoysalud.com\/index.php\/wp-json\/wp\/v2\/pages\/882\/revisions"}],"predecessor-version":[{"id":917,"href":"https:\/\/lazexitoysalud.com\/index.php\/wp-json\/wp\/v2\/pages\/882\/revisions\/917"}],"wp:attachment":[{"href":"https:\/\/lazexitoysalud.com\/index.php\/wp-json\/wp\/v2\/media?parent=882"}],"curies":[{"name":"wp","href":"https:\/\/api.w.org\/{rel}","templated":true}]}}